{"id":1672,"date":"2024-11-13T07:54:27","date_gmt":"2024-11-13T06:54:27","guid":{"rendered":"https:\/\/imagindare.com\/kontakt\/"},"modified":"2025-01-22T13:55:52","modified_gmt":"2025-01-22T12:55:52","slug":"kontakt","status":"publish","type":"page","link":"https:\/\/imagindare.com\/de\/kontakt\/","title":{"rendered":"Kontakt"},"content":{"rendered":"\t\t<div data-elementor-type=\"wp-page\" data-elementor-id=\"1672\" class=\"elementor elementor-1672 elementor-233\" data-elementor-post-type=\"page\">\n\t\t\t\t<div class=\"elementor-element elementor-element-cac0ea2 e-flex e-con-boxed e-con e-parent\" data-id=\"cac0ea2\" data-element_type=\"container\" data-settings=\"{&quot;background_background&quot;:&quot;classic&quot;,&quot;jet_parallax_layout_list&quot;:[]}\">\n\t\t\t\t\t<div class=\"e-con-inner\">\n\t\t\t\t\t<\/div>\n\t\t\t\t<\/div>\n\t\t<div class=\"elementor-element elementor-element-f724b53 e-flex e-con-boxed e-con e-parent\" data-id=\"f724b53\" data-element_type=\"container\" data-settings=\"{&quot;jet_parallax_layout_list&quot;:[]}\">\n\t\t\t\t\t<div class=\"e-con-inner\">\n\t\t<div class=\"elementor-element elementor-element-70b9d49 e-con-full e-flex e-con e-child\" data-id=\"70b9d49\" data-element_type=\"container\" data-settings=\"{&quot;jet_parallax_layout_list&quot;:[]}\">\n\t\t\t\t<div class=\"elementor-element elementor-element-25dd307 elementor-widget elementor-widget-google_maps\" data-id=\"25dd307\" data-element_type=\"widget\" data-widget_type=\"google_maps.default\">\n\t\t\t\t<div class=\"elementor-widget-container\">\n\t\t\t\t\t<div class=\"elementor-custom-embed\">\n\t\t\t<iframe loading=\"lazy\"\n\t\t\t\t\tsrc=\"https:\/\/maps.google.com\/maps?q=C.%20Castell%C3%B3%20de%20la%20Plana%2C%207%2C%2003440%20Ibi%2C%20Alicante&#038;t=m&#038;z=15&#038;output=embed&#038;iwloc=near\"\n\t\t\t\t\ttitle=\"C. Castell\u00f3 de la Plana, 7, 03440 Ibi, Alicante\"\n\t\t\t\t\taria-label=\"C. Castell\u00f3 de la Plana, 7, 03440 Ibi, Alicante\"\n\t\t\t><\/iframe>\n\t\t<\/div>\n\t\t\t\t<\/div>\n\t\t\t\t<\/div>\n\t\t\t\t<\/div>\n\t\t<div class=\"elementor-element elementor-element-539979a e-con-full e-flex e-con e-child\" data-id=\"539979a\" data-element_type=\"container\" data-settings=\"{&quot;jet_parallax_layout_list&quot;:[]}\">\n\t\t<div class=\"elementor-element elementor-element-1e04cc6 e-con-full e-flex e-con e-child\" data-id=\"1e04cc6\" data-element_type=\"container\" data-settings=\"{&quot;background_background&quot;:&quot;classic&quot;,&quot;jet_parallax_layout_list&quot;:[]}\">\n\t\t\t\t<div class=\"elementor-element elementor-element-e748c03 elementor-widget elementor-widget-heading\" data-id=\"e748c03\" data-element_type=\"widget\" data-widget_type=\"heading.default\">\n\t\t\t\t<div class=\"elementor-widget-container\">\n\t\t\t<h1 class=\"elementor-heading-title elementor-size-default\">Kontakt<\/h1>\t\t<\/div>\n\t\t\t\t<\/div>\n\t\t<div class=\"elementor-element elementor-element-029490b e-con-full e-flex e-con e-child\" data-id=\"029490b\" data-element_type=\"container\" data-settings=\"{&quot;jet_parallax_layout_list&quot;:[]}\">\n\t\t\t\t<div class=\"elementor-element elementor-element-51e0e9b elementor-widget elementor-widget-heading\" data-id=\"51e0e9b\" data-element_type=\"widget\" data-widget_type=\"heading.default\">\n\t\t\t\t<div class=\"elementor-widget-container\">\n\t\t\t<h2 class=\"elementor-heading-title elementor-size-default\">Bereit, Ihr Projekt auf die n\u00e4chste Stufe zu bringen?<\/h2>\t\t<\/div>\n\t\t\t\t<\/div>\n\t\t\t\t<div class=\"elementor-element elementor-element-2574795 elementor-widget elementor-widget-text-editor\" data-id=\"2574795\" data-element_type=\"widget\" data-widget_type=\"text-editor.default\">\n\t\t\t\t<div class=\"elementor-widget-container\">\n\t\t\t\t\t\t\tWir sind bereit, Ihre Idee zu realisieren.\t\t\t\t\t\t<\/div>\n\t\t\t\t<\/div>\n\t\t\t\t<\/div>\n\t\t<div class=\"elementor-element elementor-element-c2673e6 e-con-full e-flex e-con e-child\" data-id=\"c2673e6\" data-element_type=\"container\" data-settings=\"{&quot;jet_parallax_layout_list&quot;:[]}\">\n\t\t\t\t<div class=\"elementor-element elementor-element-398896b elementor-widget elementor-widget-heading\" data-id=\"398896b\" data-element_type=\"widget\" data-widget_type=\"heading.default\">\n\t\t\t\t<div class=\"elementor-widget-container\">\n\t\t\t<h2 class=\"elementor-heading-title elementor-size-default\">Haben Sie ein Projekt im Kopf?<\/h2>\t\t<\/div>\n\t\t\t\t<\/div>\n\t\t\t\t<div class=\"elementor-element elementor-element-0b1df5e elementor-widget elementor-widget-text-editor\" data-id=\"0b1df5e\" data-element_type=\"widget\" data-widget_type=\"text-editor.default\">\n\t\t\t\t<div class=\"elementor-widget-container\">\n\t\t\t\t\t\t\tWir m\u00f6chten Ihnen zuh\u00f6ren. Teilen Sie uns die Details Ihres Projekts, Ihre Anforderungen und Erwartungen mit, und gemeinsam finden wir den besten Weg zur Umsetzung. Schreiben Sie uns, rufen Sie uns an oder f\u00fcllen Sie das Kontaktformular aus, und einer unserer Spezialisten wird sich schnellstm\u00f6glich bei Ihnen melden.\t\t\t\t\t\t<\/div>\n\t\t\t\t<\/div>\n\t\t\t\t<\/div>\n\t\t<div class=\"elementor-element elementor-element-c8567ff e-con-full e-flex e-con e-child\" data-id=\"c8567ff\" data-element_type=\"container\" data-settings=\"{&quot;jet_parallax_layout_list&quot;:[]}\">\n\t\t\t\t<div class=\"elementor-element elementor-element-e04a2e2 elementor-widget elementor-widget-heading\" data-id=\"e04a2e2\" data-element_type=\"widget\" data-widget_type=\"heading.default\">\n\t\t\t\t<div class=\"elementor-widget-container\">\n\t\t\t<h2 class=\"elementor-heading-title elementor-size-default\">Bevorzugen Sie eine individuelle Beratung?<\/h2>\t\t<\/div>\n\t\t\t\t<\/div>\n\t\t\t\t<div class=\"elementor-element elementor-element-0167c25 elementor-widget elementor-widget-text-editor\" data-id=\"0167c25\" data-element_type=\"widget\" data-widget_type=\"text-editor.default\">\n\t\t\t\t<div class=\"elementor-widget-container\">\n\t\t\t\t\t\t\tWir sind f\u00fcr Sie da. Wenn Sie detaillierte Informationen oder Fragen zu einem bestimmten Service haben, z\u00f6gern Sie nicht, uns zu kontaktieren. Wir helfen Ihnen gerne weiter und bieten ma\u00dfgeschneiderte L\u00f6sungen an.\t\t\t\t\t\t<\/div>\n\t\t\t\t<\/div>\n\t\t\t\t<\/div>\n\t\t<div class=\"elementor-element elementor-element-c94f3b8 e-con-full e-flex e-con e-child\" data-id=\"c94f3b8\" data-element_type=\"container\" data-settings=\"{&quot;jet_parallax_layout_list&quot;:[]}\">\n\t\t\t\t<div class=\"elementor-element elementor-element-9008abf elementor-widget elementor-widget-text-editor\" data-id=\"9008abf\" data-element_type=\"widget\" data-widget_type=\"text-editor.default\">\n\t\t\t\t<div class=\"elementor-widget-container\">\n\t\t\t\t\t\t\tBitte geben Sie Ihre Daten und eine kurze Beschreibung Ihres Projekts oder Ihrer Anfrage ein. Unser Team wird sich bald mit Ihnen in Verbindung setzen.\t\t\t\t\t\t<\/div>\n\t\t\t\t<\/div>\n\t\t\t\t<div class=\"elementor-element elementor-element-9d2cdc7 elementor-button-align-start elementor-widget elementor-widget-form\" data-id=\"9d2cdc7\" data-element_type=\"widget\" data-settings=\"{&quot;step_next_label&quot;:&quot;Nachfolgend&quot;,&quot;step_previous_label&quot;:&quot;Ehemalig&quot;,&quot;button_width&quot;:&quot;100&quot;,&quot;step_type&quot;:&quot;number_text&quot;,&quot;step_icon_shape&quot;:&quot;circle&quot;}\" data-widget_type=\"form.default\">\n\t\t\t\t<div class=\"elementor-widget-container\">\n\t\t\t\t\t<form class=\"elementor-form\" method=\"post\" name=\"Kontaktformular\">\n\t\t\t<input type=\"hidden\" name=\"post_id\" value=\"1672\"\/>\n\t\t\t<input type=\"hidden\" name=\"form_id\" value=\"9d2cdc7\"\/>\n\t\t\t<input type=\"hidden\" name=\"referer_title\" value=\"Imagindare\" \/>\n\n\t\t\t\n\t\t\t<div class=\"elementor-form-fields-wrapper elementor-labels-\">\n\t\t\t\t\t\t\t\t<div class=\"elementor-field-type-text elementor-field-group elementor-column elementor-field-group-name elementor-col-100 elementor-field-required\">\n\t\t\t\t\t\t\t\t\t\t\t\t<label for=\"form-field-name\" class=\"elementor-field-label elementor-screen-only\">\n\t\t\t\t\t\t\t\tName\t\t\t\t\t\t\t<\/label>\n\t\t\t\t\t\t\t\t\t\t\t\t\t\t<input size=\"1\" type=\"text\" name=\"form_fields[name]\" id=\"form-field-name\" class=\"elementor-field elementor-size-sm  elementor-field-textual\" placeholder=\"Name (erforderlich)\" required=\"required\" aria-required=\"true\">\n\t\t\t\t\t\t\t\t\t\t\t<\/div>\n\t\t\t\t\t\t\t\t<div class=\"elementor-field-type-email elementor-field-group elementor-column elementor-field-group-email elementor-col-100 elementor-field-required\">\n\t\t\t\t\t\t\t\t\t\t\t\t<label for=\"form-field-email\" class=\"elementor-field-label elementor-screen-only\">\n\t\t\t\t\t\t\t\tE-Mail\t\t\t\t\t\t\t<\/label>\n\t\t\t\t\t\t\t\t\t\t\t\t\t\t<input size=\"1\" type=\"email\" name=\"form_fields[email]\" id=\"form-field-email\" class=\"elementor-field elementor-size-sm  elementor-field-textual\" placeholder=\"E-Mail (erforderlich)\" required=\"required\" aria-required=\"true\">\n\t\t\t\t\t\t\t\t\t\t\t<\/div>\n\t\t\t\t\t\t\t\t<div class=\"elementor-field-type-tel elementor-field-group elementor-column elementor-field-group-field_f138c91 elementor-col-100 elementor-field-required\">\n\t\t\t\t\t\t\t\t\t\t\t\t<label for=\"form-field-field_f138c91\" class=\"elementor-field-label elementor-screen-only\">\n\t\t\t\t\t\t\t\tTelefon\t\t\t\t\t\t\t<\/label>\n\t\t\t\t\t\t\t\t<input size=\"1\" type=\"tel\" name=\"form_fields[field_f138c91]\" id=\"form-field-field_f138c91\" class=\"elementor-field elementor-size-sm  elementor-field-textual\" placeholder=\"Telefon (erforderlich)\" required=\"required\" aria-required=\"true\" pattern=\"[0-9()#&amp;+*-=.]+\" title=\"Nur Nummern oder Telefon-Zeichen (#, -, *, etc) werden akzeptiert.\">\n\n\t\t\t\t\t\t<\/div>\n\t\t\t\t\t\t\t\t<div class=\"elementor-field-type-text elementor-field-group elementor-column elementor-field-group-field_bc2f204 elementor-col-100 elementor-field-required\">\n\t\t\t\t\t\t\t\t\t\t\t\t<label for=\"form-field-field_bc2f204\" class=\"elementor-field-label elementor-screen-only\">\n\t\t\t\t\t\t\t\tUnternehmen\t\t\t\t\t\t\t<\/label>\n\t\t\t\t\t\t\t\t\t\t\t\t\t\t<input size=\"1\" type=\"text\" name=\"form_fields[field_bc2f204]\" id=\"form-field-field_bc2f204\" class=\"elementor-field elementor-size-sm  elementor-field-textual\" placeholder=\"Unternehmen (erforderlich)\" required=\"required\" aria-required=\"true\">\n\t\t\t\t\t\t\t\t\t\t\t<\/div>\n\t\t\t\t\t\t\t\t<div class=\"elementor-field-type-textarea elementor-field-group elementor-column elementor-field-group-message elementor-col-100\">\n\t\t\t\t\t\t\t\t\t\t\t\t<label for=\"form-field-message\" class=\"elementor-field-label elementor-screen-only\">\n\t\t\t\t\t\t\t\tSag es uns\t\t\t\t\t\t\t<\/label>\n\t\t\t\t\t\t<textarea class=\"elementor-field-textual elementor-field  elementor-size-sm\" name=\"form_fields[message]\" id=\"form-field-message\" rows=\"4\" placeholder=\"Sag es uns \"><\/textarea>\t\t\t\t<\/div>\n\t\t\t\t\t\t\t\t<div class=\"elementor-field-type-recaptcha_v3 elementor-field-group elementor-column elementor-field-group-field_899f62c elementor-col-100 recaptcha_v3-inline\">\n\t\t\t\t\t<div class=\"elementor-field\" id=\"form-field-field_899f62c\"><div class=\"elementor-g-recaptcha\" data-sitekey=\"6LeVZZcqAAAAAPH4ZQcULIpm7gNJ8Q5CAlMcOpf4\" data-type=\"v3\" data-action=\"Form\" data-badge=\"inline\" data-size=\"invisible\"><\/div><\/div>\t\t\t\t<\/div>\n\t\t\t\t\t\t\t\t<div class=\"elementor-field-type-acceptance elementor-field-group elementor-column elementor-field-group-field_a02e255 elementor-col-100 elementor-field-required\">\n\t\t\t\t\t\t\t<div class=\"elementor-field-subgroup\">\n\t\t\t<span class=\"elementor-field-option\">\n\t\t\t\t<input type=\"checkbox\" name=\"form_fields[field_a02e255]\" id=\"form-field-field_a02e255\" class=\"elementor-field elementor-size-sm  elementor-acceptance-field\" required=\"required\" aria-required=\"true\">\n\t\t\t\t<label for=\"form-field-field_a02e255\">Ich habe die Datenschutzerkl\u00e4rung gelesen und akzeptiere sie.<\/label>\t\t\t<\/span>\n\t\t<\/div>\n\t\t\t\t\t\t<\/div>\n\t\t\t\t\t\t\t\t<div class=\"elementor-field-group elementor-column elementor-field-type-submit elementor-col-100 e-form__buttons\">\n\t\t\t\t\t<button class=\"elementor-button elementor-size-sm\" type=\"submit\">\n\t\t\t\t\t\t<span class=\"elementor-button-content-wrapper\">\n\t\t\t\t\t\t\t\t\t\t\t\t\t\t\t\t\t\t\t\t\t\t<span class=\"elementor-button-text\">Schicken<\/span>\n\t\t\t\t\t\t\t\t\t\t\t\t\t<\/span>\n\t\t\t\t\t<\/button>\n\t\t\t\t<\/div>\n\t\t\t<\/div>\n\t\t<\/form>\n\t\t\t\t<\/div>\n\t\t\t\t<\/div>\n\t\t\t\t<\/div>\n\t\t\t\t<\/div>\n\t\t\t\t<\/div>\n\t\t\t\t\t<\/div>\n\t\t\t\t<\/div>\n\t\t<div class=\"elementor-element elementor-element-977ddfd e-grid e-con-boxed e-con e-parent\" data-id=\"977ddfd\" data-element_type=\"container\" data-settings=\"{&quot;jet_parallax_layout_list&quot;:[]}\">\n\t\t\t\t\t<div class=\"e-con-inner\">\n\t\t\t\t<div class=\"elementor-element elementor-element-55d9ba8 elementor-widget-tablet__width-initial elementor-view-default elementor-position-top elementor-mobile-position-top elementor-widget elementor-widget-icon-box\" data-id=\"55d9ba8\" data-element_type=\"widget\" data-widget_type=\"icon-box.default\">\n\t\t\t\t<div class=\"elementor-widget-container\">\n\t\t\t\t\t<div class=\"elementor-icon-box-wrapper\">\n\n\t\t\t\t\t\t<div class=\"elementor-icon-box-icon\">\n\t\t\t\t<span  class=\"elementor-icon elementor-animation-\">\n\t\t\t\t<svg xmlns=\"http:\/\/www.w3.org\/2000\/svg\" id=\"Capa_2\" data-name=\"Capa 2\" viewBox=\"0 0 68.16 68.16\"><g id=\"Capa_1-2\" data-name=\"Capa 1\"><circle cx=\"34.08\" cy=\"34.08\" r=\"34.08\" style=\"fill: #3fa9f5;\"><\/circle><circle cx=\"33.67\" cy=\"34.35\" r=\"5.67\" style=\"fill: #fff;\"><\/circle><circle cx=\"33.92\" cy=\"34.35\" r=\"15.47\" style=\"fill: none; stroke: #fff; stroke-miterlimit: 10; stroke-width: 4px;\"><\/circle><\/g><\/svg>\t\t\t\t<\/span>\n\t\t\t<\/div>\n\t\t\t\n\t\t\t\t\t\t<div class=\"elementor-icon-box-content\">\n\n\t\t\t\t\n\t\t\t\t\t\t\t\t\t<p class=\"elementor-icon-box-description\">\n\t\t\t\t\t\tC. Castell\u00f3 de la Plana, 7 \u2013 03440 <br>Ibi, Alicante (Espa\u00f1a) \t\t\t\t\t<\/p>\n\t\t\t\t\n\t\t\t<\/div>\n\t\t\t\n\t\t<\/div>\n\t\t\t\t<\/div>\n\t\t\t\t<\/div>\n\t\t\t\t<div class=\"elementor-element elementor-element-197c960 elementor-widget-tablet__width-initial elementor-view-default elementor-position-top elementor-mobile-position-top elementor-widget elementor-widget-icon-box\" data-id=\"197c960\" data-element_type=\"widget\" data-widget_type=\"icon-box.default\">\n\t\t\t\t<div class=\"elementor-widget-container\">\n\t\t\t\t\t<div class=\"elementor-icon-box-wrapper\">\n\n\t\t\t\t\t\t<div class=\"elementor-icon-box-icon\">\n\t\t\t\t<span  class=\"elementor-icon elementor-animation-\">\n\t\t\t\t<svg xmlns=\"http:\/\/www.w3.org\/2000\/svg\" id=\"Capa_2\" data-name=\"Capa 2\" viewBox=\"0 0 68.16 68.16\"><g id=\"Capa_1-2\" data-name=\"Capa 1\"><circle cx=\"34.08\" cy=\"34.08\" r=\"34.08\" style=\"fill: #3fa9f5;\"><\/circle><path d=\"M19.95,48.21c-.98,0-1.8-.35-2.48-1.04s-1.04-1.53-1.04-2.49v-21.19c0-.98.35-1.8,1.04-2.48.69-.69,1.53-1.04,2.48-1.04h28.24c.98,0,1.8.35,2.49,1.04s1.04,1.53,1.04,2.48v21.19c0,.98-.35,1.8-1.04,2.49s-1.53,1.04-2.49,1.04h-28.24ZM34.08,35.85l-14.13-8.83v17.66h28.24v-17.66l-14.13,8.83h.02ZM34.08,32.3l14.13-8.83h-28.24l14.13,8.83h-.02ZM19.95,27.02v-3.53,21.19-17.66Z\" style=\"fill: #fff;\"><\/path><\/g><\/svg>\t\t\t\t<\/span>\n\t\t\t<\/div>\n\t\t\t\n\t\t\t\t\t\t<div class=\"elementor-icon-box-content\">\n\n\t\t\t\t\n\t\t\t\t\t\t\t\t\t<p class=\"elementor-icon-box-description\">\n\t\t\t\t\t\timagindare@imagindare.com \t\t\t\t\t<\/p>\n\t\t\t\t\n\t\t\t<\/div>\n\t\t\t\n\t\t<\/div>\n\t\t\t\t<\/div>\n\t\t\t\t<\/div>\n\t\t\t\t<div class=\"elementor-element elementor-element-553bf98 elementor-widget-tablet__width-initial elementor-view-default elementor-position-top elementor-mobile-position-top elementor-widget elementor-widget-icon-box\" data-id=\"553bf98\" data-element_type=\"widget\" data-widget_type=\"icon-box.default\">\n\t\t\t\t<div class=\"elementor-widget-container\">\n\t\t\t\t\t<div class=\"elementor-icon-box-wrapper\">\n\n\t\t\t\t\t\t<div class=\"elementor-icon-box-icon\">\n\t\t\t\t<span  class=\"elementor-icon elementor-animation-\">\n\t\t\t\t<svg xmlns=\"http:\/\/www.w3.org\/2000\/svg\" id=\"Capa_2\" data-name=\"Capa 2\" viewBox=\"0 0 68.16 68.16\"><g id=\"Capa_1-2\" data-name=\"Capa 1\"><g><circle cx=\"34.08\" cy=\"34.08\" r=\"34.08\" style=\"fill: #3fa9f5;\"><\/circle><path d=\"M48.12,49.97c-3.68,0-7.32-.8-10.89-2.4-3.59-1.6-6.86-3.88-9.81-6.81-2.95-2.95-5.21-6.21-6.81-9.81-1.6-3.59-2.4-7.23-2.4-10.89,0-.53.18-.98.53-1.33s.8-.53,1.33-.53h7.14c.42,0,.78.13,1.11.42s.51.62.58,1l1.15,6.17c.07.47.04.87-.04,1.2s-.24.6-.49.84l-4.28,4.33c.6,1.09,1.29,2.13,2.09,3.15.8,1.02,1.71,2,2.66,2.93.91.91,1.86,1.75,2.86,2.53s2.06,1.49,3.17,2.13l4.15-4.15c.27-.27.62-.47,1.04-.6s.84-.18,1.26-.11l6.1,1.24c.42.11.75.33,1.02.64s.4.67.4,1.04v7.14c0,.53-.18.98-.53,1.33s-.8.53-1.33.53h-.02ZM23.54,28.78l2.91-2.91-.75-4.15h-3.93c.16,1.2.35,2.4.62,3.57s.64,2.33,1.15,3.48ZM39.34,44.57c1.15.51,2.31.89,3.51,1.2,1.2.31,2.4.49,3.59.58v-3.88l-4.15-.84s-2.95,2.95-2.95,2.95Z\" style=\"fill: #fff;\"><\/path><\/g><\/g><\/svg>\t\t\t\t<\/span>\n\t\t\t<\/div>\n\t\t\t\n\t\t\t\t\t\t<div class=\"elementor-icon-box-content\">\n\n\t\t\t\t\n\t\t\t\t\t\t\t\t\t<p class=\"elementor-icon-box-description\">\n\t\t\t\t\t\t<a style=\"color:white;\">+34 966 44 99 07<\/a>\n\t\t\t\t\t<\/p>\n\t\t\t\t\n\t\t\t<\/div>\n\t\t\t\n\t\t<\/div>\n\t\t\t\t<\/div>\n\t\t\t\t<\/div>\n\t\t\t\t\t<\/div>\n\t\t\t\t<\/div>\n\t\t\t\t<\/div>\n\t\t","protected":false},"excerpt":{"rendered":"<p>Kontakt Bereit, Ihr Projekt auf die n\u00e4chste Stufe zu bringen? Wir sind bereit, Ihre Idee zu realisieren. Haben Sie ein Projekt im Kopf? Wir m\u00f6chten Ihnen zuh\u00f6ren. Teilen Sie uns die Details Ihres Projekts, Ihre Anforderungen und Erwartungen mit, und gemeinsam finden wir den besten Weg zur Umsetzung. Schreiben Sie uns, rufen Sie uns an [&hellip;]<\/p>\n","protected":false},"author":1,"featured_media":0,"parent":0,"menu_order":0,"comment_status":"closed","ping_status":"closed","template":"","meta":{"footnotes":""},"class_list":["post-1672","page","type-page","status-publish","hentry"],"yoast_head":"<!-- This site is optimized with the Yoast SEO plugin v24.0 - https:\/\/yoast.com\/wordpress\/plugins\/seo\/ -->\n<title>Kontakt - Imagindare<\/title>\n<meta name=\"robots\" content=\"index, follow, max-snippet:-1, max-image-preview:large, max-video-preview:-1\" \/>\n<link rel=\"canonical\" href=\"https:\/\/imagindare.com\/de\/kontakt\/\" \/>\n<meta property=\"og:locale\" content=\"de_DE\" \/>\n<meta property=\"og:type\" content=\"article\" \/>\n<meta property=\"og:title\" content=\"Kontakt - Imagindare\" \/>\n<meta property=\"og:description\" content=\"Kontakt Bereit, Ihr Projekt auf die n\u00e4chste Stufe zu bringen? Wir sind bereit, Ihre Idee zu realisieren. Haben Sie ein Projekt im Kopf? Wir m\u00f6chten Ihnen zuh\u00f6ren. Teilen Sie uns die Details Ihres Projekts, Ihre Anforderungen und Erwartungen mit, und gemeinsam finden wir den besten Weg zur Umsetzung. Schreiben Sie uns, rufen Sie uns an [&hellip;]\" \/>\n<meta property=\"og:url\" content=\"https:\/\/imagindare.com\/de\/kontakt\/\" \/>\n<meta property=\"og:site_name\" content=\"Imagindare\" \/>\n<meta property=\"article:modified_time\" content=\"2025-01-22T12:55:52+00:00\" \/>\n<meta name=\"twitter:card\" content=\"summary_large_image\" \/>\n<meta name=\"twitter:label1\" content=\"Gesch\u00e4tzte Lesezeit\" \/>\n\t<meta name=\"twitter:data1\" content=\"1\u00a0Minute\" \/>\n<script type=\"application\/ld+json\" class=\"yoast-schema-graph\">{\"@context\":\"https:\/\/schema.org\",\"@graph\":[{\"@type\":\"WebPage\",\"@id\":\"https:\/\/imagindare.com\/de\/kontakt\/\",\"url\":\"https:\/\/imagindare.com\/de\/kontakt\/\",\"name\":\"Kontakt - Imagindare\",\"isPartOf\":{\"@id\":\"https:\/\/imagindare.com\/de\/#website\"},\"datePublished\":\"2024-11-13T06:54:27+00:00\",\"dateModified\":\"2025-01-22T12:55:52+00:00\",\"breadcrumb\":{\"@id\":\"https:\/\/imagindare.com\/de\/kontakt\/#breadcrumb\"},\"inLanguage\":\"de\",\"potentialAction\":[{\"@type\":\"ReadAction\",\"target\":[\"https:\/\/imagindare.com\/de\/kontakt\/\"]}]},{\"@type\":\"BreadcrumbList\",\"@id\":\"https:\/\/imagindare.com\/de\/kontakt\/#breadcrumb\",\"itemListElement\":[{\"@type\":\"ListItem\",\"position\":1,\"name\":\"Portada\",\"item\":\"https:\/\/imagindare.com\/de\/\"},{\"@type\":\"ListItem\",\"position\":2,\"name\":\"Kontakt\"}]},{\"@type\":\"WebSite\",\"@id\":\"https:\/\/imagindare.com\/de\/#website\",\"url\":\"https:\/\/imagindare.com\/de\/\",\"name\":\"Imagindare\",\"description\":\"\",\"publisher\":{\"@id\":\"https:\/\/imagindare.com\/de\/#organization\"},\"potentialAction\":[{\"@type\":\"SearchAction\",\"target\":{\"@type\":\"EntryPoint\",\"urlTemplate\":\"https:\/\/imagindare.com\/de\/?s={search_term_string}\"},\"query-input\":{\"@type\":\"PropertyValueSpecification\",\"valueRequired\":true,\"valueName\":\"search_term_string\"}}],\"inLanguage\":\"de\"},{\"@type\":\"Organization\",\"@id\":\"https:\/\/imagindare.com\/de\/#organization\",\"name\":\"Imagindare\",\"url\":\"https:\/\/imagindare.com\/de\/\",\"logo\":{\"@type\":\"ImageObject\",\"inLanguage\":\"de\",\"@id\":\"https:\/\/imagindare.com\/de\/#\/schema\/logo\/image\/\",\"url\":\"https:\/\/imagindare.com\/wp-content\/uploads\/2024\/10\/Logo-Imagindare-horizontal.png\",\"contentUrl\":\"https:\/\/imagindare.com\/wp-content\/uploads\/2024\/10\/Logo-Imagindare-horizontal.png\",\"width\":2216,\"height\":512,\"caption\":\"Imagindare\"},\"image\":{\"@id\":\"https:\/\/imagindare.com\/de\/#\/schema\/logo\/image\/\"}}]}<\/script>\n<!-- \/ Yoast SEO plugin. -->","yoast_head_json":{"title":"Kontakt - Imagindare","robots":{"index":"index","follow":"follow","max-snippet":"max-snippet:-1","max-image-preview":"max-image-preview:large","max-video-preview":"max-video-preview:-1"},"canonical":"https:\/\/imagindare.com\/de\/kontakt\/","og_locale":"de_DE","og_type":"article","og_title":"Kontakt - Imagindare","og_description":"Kontakt Bereit, Ihr Projekt auf die n\u00e4chste Stufe zu bringen? Wir sind bereit, Ihre Idee zu realisieren. Haben Sie ein Projekt im Kopf? Wir m\u00f6chten Ihnen zuh\u00f6ren. Teilen Sie uns die Details Ihres Projekts, Ihre Anforderungen und Erwartungen mit, und gemeinsam finden wir den besten Weg zur Umsetzung. Schreiben Sie uns, rufen Sie uns an [&hellip;]","og_url":"https:\/\/imagindare.com\/de\/kontakt\/","og_site_name":"Imagindare","article_modified_time":"2025-01-22T12:55:52+00:00","twitter_card":"summary_large_image","twitter_misc":{"Gesch\u00e4tzte Lesezeit":"1\u00a0Minute"},"schema":{"@context":"https:\/\/schema.org","@graph":[{"@type":"WebPage","@id":"https:\/\/imagindare.com\/de\/kontakt\/","url":"https:\/\/imagindare.com\/de\/kontakt\/","name":"Kontakt - Imagindare","isPartOf":{"@id":"https:\/\/imagindare.com\/de\/#website"},"datePublished":"2024-11-13T06:54:27+00:00","dateModified":"2025-01-22T12:55:52+00:00","breadcrumb":{"@id":"https:\/\/imagindare.com\/de\/kontakt\/#breadcrumb"},"inLanguage":"de","potentialAction":[{"@type":"ReadAction","target":["https:\/\/imagindare.com\/de\/kontakt\/"]}]},{"@type":"BreadcrumbList","@id":"https:\/\/imagindare.com\/de\/kontakt\/#breadcrumb","itemListElement":[{"@type":"ListItem","position":1,"name":"Portada","item":"https:\/\/imagindare.com\/de\/"},{"@type":"ListItem","position":2,"name":"Kontakt"}]},{"@type":"WebSite","@id":"https:\/\/imagindare.com\/de\/#website","url":"https:\/\/imagindare.com\/de\/","name":"Imagindare","description":"","publisher":{"@id":"https:\/\/imagindare.com\/de\/#organization"},"potentialAction":[{"@type":"SearchAction","target":{"@type":"EntryPoint","urlTemplate":"https:\/\/imagindare.com\/de\/?s={search_term_string}"},"query-input":{"@type":"PropertyValueSpecification","valueRequired":true,"valueName":"search_term_string"}}],"inLanguage":"de"},{"@type":"Organization","@id":"https:\/\/imagindare.com\/de\/#organization","name":"Imagindare","url":"https:\/\/imagindare.com\/de\/","logo":{"@type":"ImageObject","inLanguage":"de","@id":"https:\/\/imagindare.com\/de\/#\/schema\/logo\/image\/","url":"https:\/\/imagindare.com\/wp-content\/uploads\/2024\/10\/Logo-Imagindare-horizontal.png","contentUrl":"https:\/\/imagindare.com\/wp-content\/uploads\/2024\/10\/Logo-Imagindare-horizontal.png","width":2216,"height":512,"caption":"Imagindare"},"image":{"@id":"https:\/\/imagindare.com\/de\/#\/schema\/logo\/image\/"}}]}},"_links":{"self":[{"href":"https:\/\/imagindare.com\/de\/wp-json\/wp\/v2\/pages\/1672","targetHints":{"allow":["GET"]}}],"collection":[{"href":"https:\/\/imagindare.com\/de\/wp-json\/wp\/v2\/pages"}],"about":[{"href":"https:\/\/imagindare.com\/de\/wp-json\/wp\/v2\/types\/page"}],"author":[{"embeddable":true,"href":"https:\/\/imagindare.com\/de\/wp-json\/wp\/v2\/users\/1"}],"replies":[{"embeddable":true,"href":"https:\/\/imagindare.com\/de\/wp-json\/wp\/v2\/comments?post=1672"}],"version-history":[{"count":4,"href":"https:\/\/imagindare.com\/de\/wp-json\/wp\/v2\/pages\/1672\/revisions"}],"predecessor-version":[{"id":1833,"href":"https:\/\/imagindare.com\/de\/wp-json\/wp\/v2\/pages\/1672\/revisions\/1833"}],"wp:attachment":[{"href":"https:\/\/imagindare.com\/de\/wp-json\/wp\/v2\/media?parent=1672"}],"curies":[{"name":"wp","href":"https:\/\/api.w.org\/{rel}","templated":true}]}}